{"id":1766,"date":"2022-02-09T15:21:51","date_gmt":"2022-02-09T15:21:51","guid":{"rendered":"https:\/\/www.cncinternational.eu\/?page_id=1766"},"modified":"2024-01-04T15:49:42","modified_gmt":"2024-01-04T15:49:42","slug":"produtos-suplementares","status":"publish","type":"page","link":"https:\/\/test-temp-cnc.u-digital.nl\/pt-pt\/productos\/produtos-suplementares\/","title":{"rendered":"Produtos Suplementares"},"content":{"rendered":"  \t\n\t  <header class=\"main-header \">\n\t\t<!-- For mobile -->\n\t\t<div class=\"d-block d-sm-none\">\n\t\t  <div class=\"container-fluid px-0\">\n\t\t\t<div class=\"container g-0\">\n\t\t\t  <div class=\"row g-0 justify-content-start align-items-center\">\n\t\t\t\t<div class=\"col-12 d-sm-none\">\n\t\t\t\t  <div class=\"header-image\">\n\t\t\t\t\t\t\t\t\t\t<img fetchpriority=\"high\" decoding=\"async\" src=\"https:\/\/test-temp-cnc.u-digital.nl\/wp-content\/uploads\/2021\/12\/Private-label-supplementary-products--scaled.jpg\" alt=\"Marca privada de produtos suplementares, gel UV e acr\u00edlicos\" width=\"2560\" height=\"1927\" loading=\"eager\">\n\t\t\t\t  <\/div>\n\t\t\t\t<\/div>\n\t\t\t\t<div class=\"offset-md-6 col-md-6\">\n\t\t\t\t  <div class=\"header-text\">\n\t\t\t\t\t<p class=\"mobile-title\">Produtos Suplementares<\/p>\n\t\t\t\t\t<p data-pm-slice=\"1 1 [&quot;bulletList&quot;,null,&quot;listItem&quot;,null,&quot;bulletList&quot;,null,&quot;listItem&quot;,null]\">First step, nail prep!<\/p>\n\t\t\t\t\t\t\t\t\t\t\t\t\t\t  <\/div>\n\t\t\t\t<\/div>\n\t\t\t  <\/div>\n\t\t\t<\/div>\n\t\t  <\/div>\n\t\t<\/div>\n\t\t<!-- \/For mobile -->\n\t\t\n\t\t<!-- For desktop -->\n\t\t<div class=\"d-none d-sm-block\">\n\t\t  <div class=\"container-fluid px-0\" >\n\t\t\t<div class=\"header-bg\" style=\"background-image: url('https:\/\/test-temp-cnc.u-digital.nl\/wp-content\/uploads\/2021\/12\/Private-label-supplementary-products--scaled.jpg');\">\n\t\t\t\t\n\t\t\t<\/div>\n\t\t\t<div class=\"container g-0\">\n\t\t\t  <div class=\"row g-0 justify-content-start align-items-center\">\n\t\t\t\t<div class=\"offset-md-6 col-md-6\">\n\t\t\t\t  <div class=\"header-text\">\n\t\t\t\t\t<h1>Produtos Suplementares<\/h1>\n\t\t\t\t\t<p data-pm-slice=\"1 1 [&quot;bulletList&quot;,null,&quot;listItem&quot;,null,&quot;bulletList&quot;,null,&quot;listItem&quot;,null]\">First step, nail prep!<\/p>\n\t\t\t\t\n\t\t\t\t\t\t\t\t\t\t\t\t\t\t  <\/div>\n\t\t\t\t<\/div>\n\t\t\t  <\/div>\n\t\t\t<\/div>\n\t\t  <\/div>\n\t\t<\/div>\n\t\t<!-- \/For desktop -->\n\t  <\/header>\n\t  \n\t  \t\n\n\t<section class=\"news\">\n\t\t<div class=\"container p-0 \">\n    \t  <div class=\"row g-0\">\n\t\t\t<div class=\"col-12 overlap bg-white\">\n\t\t\t\t\t\t\t\t\t\t\t\t\t\t\t\t\t\t<!-- Start row -->\n\t\t\t\t\t\t\t\t\t\t\t\t\t\t\t\t\t\t\t\t\t\t\t\t\t\t\t\t\t\t\t\t\t\t\t\t\t\t\t\n\t\t\t\t\t\t\t\t<div class=\"row g-0 align-items-center\">\n\t\t\t\t\t\t\t\t\t<div class=\"col-12 col-md col-img img-wrapper\">\n\t\t\t\t\t\t\t\t\t\t\t\t\t\t\t\t\t\t\t<img loading=\"lazy\" decoding=\"async\" src=\"https:\/\/test-temp-cnc.u-digital.nl\/wp-content\/uploads\/2021\/12\/MicrosoftTeams-image.jpg\" alt=\"Prepara\u00e7\u00e3o de manicura com gel UV\" width=\"1445\" height=\"813\">\n\t\t\t\t\t\t\t\t\t<\/div>\n    \t        \t\t\t\t\t<div class=\"col-12 col-md col-excerpt\">\n    \t        \t\t\t\t\t\t<div class=\"excerpt-wrapper\">\n    \t        \t\t\t\t\t\t\t<h4>Primeiro passo para os melhores resultados<\/h4>\n    \t        \t\t\t\t\t\t\t<p>A qualidade de cada tratamento de unhas depende diretamente da prepara\u00e7\u00e3o das unhas. Escolha os melhores produtos para a sua linha privada. Os nossos produtos suplementares de unhas foram especialmente desenvolvidos para complementar perfeitamente os nossos produtos de base. A sua garantia de obter os melhores resultados sempre!\r\n<\/p>\n\t\t\t\t\t\t\t\t\t\t\t    \t        \t\t\t\t\t\t<\/div>\n    \t        \t\t\t\t\t<\/div>\n\t\t\t  \t\t\t\t\t<\/div>\n\t\t\t\t\t\t\t\t\t\t\t\t\t\t\n\t\t\t\t\t\t\t\t\t\t\t\t\n\t\t\t\t\t\t\t\t\t\t\t\t\t\t\t\t\t\t\t\t\t\t\t\t\t\t\t\t\t\t\t\t\t\t\t\t\t\t\t\t\t\t\t\t\t<div class=\"row g-0 align-items-center\">\n    \t        \t\t\t\t\t<div class=\"col-12 col-md col-excerpt\">\n    \t        \t\t\t\t\t  <div class=\"excerpt-wrapper\">\n    \t        \t\t\t\t\t    <h4>Produtos suplementares<\/h4>\n    \t        \t\t\t\t\t    <p>Para completar a sua cole\u00e7\u00e3o de produtos de unhas, a CNC International tem produtos suplementares de alta qualidade, tais como removedor e l\u00edquidos de prepara\u00e7\u00e3o de unhas.\r\n<ul >\r\n<li>Bonder sem \u00c1cido<\/li>\r\n<li>Primer de unhas<\/li>\r\n<li>Purificador de unhas<\/li>\r\n<li>Fresh de unhas<\/li>\r\n<li>Gel de Limpeza<\/li>\r\n<\/ul>\t<\/p>\n    \t        \t\t\t\t\t        \t        \t\t\t\t\t  <\/div>\n    \t        \t\t\t\t\t<\/div>\n    \t        \t\t\t\t\t<div class=\"col-12 col-md col-img img-wrapper\">\n\t\t\t\t\t\t\t\t\t\t\t\t\t\t\t\t\t\t\t\t<img loading=\"lazy\" decoding=\"async\" src=\"https:\/\/test-temp-cnc.u-digital.nl\/wp-content\/uploads\/2021\/12\/Removers-nail-preparation-liquids-1.jpg\" alt=\"Removedores e L\u00edquidos de prepara\u00e7\u00e3o de unhas\" width=\"1445\" height=\"813\">\n\t\t\t\t\t\t\t\t\t<\/div>\n\t\t\t\t\t\t\t\t<\/div>\n\t\t\t\t\t\t\t\t\t\t\t\t\t\t\n\t\t\t\t\t\t\t\t\t\t\t\t\n\t\t\t\t\t\t\t\t\t\t\t    \t      \t\t<!-- End row -->\n\t\t\t\t\t\t\t<\/div>\n    \t  <\/div>\n    \t<\/div>\n\t<\/section>\n\t\n\t\n\n      \t<section class=\"ud_catalogue image-and-description gradient-bg slipped-section\">\n\t\t<div class=\"container\">\n\t\t\t<div class=\"row justify-content-center\">\n\t\t\t\t<div class=\"col-12 col-md-12 col-lg-10\">\n\t\t\t\t\t<div class=\"form-wrapper\">\n\t\t\t\t\t\t<div class=\"col-12\">\n\t\t\t\t\t\t\t<div class=\"row flex-column-reverse flex-lg-row\">\n\t\t\t\t\t\t\t\t<div class=\"col-12 col-md col-excerpt\">\n\t\t\t\t\t\t\t\t\t<div class=\"excerpt-wrapper\">\n\t\t\t\t\t\t\t\t\t\t<h4 class=\"form-title text-center\">Descubra todos os nossos produtos de gel UV<\/h4>\t\t\t\t\t\t\t\t\t\t\t\t\t\t\t\t\t\t\t\t\t<div class=\"form-description\">\n\t\t\t\t\t\t\t\t\t\t\t\t<p>Em nosso cat\u00e1logo 2024 voc\u00ea encontrar\u00e1:<\/p>\n<ul>\n<li>Vis\u00e3o geral da nossa variedade de gel UV<\/li>\n<li>Todos os produtos<\/li>\n<li>Suas op\u00e7\u00f5es a granel e produtos acabados<\/li>\n<li>Prova de que o CNC tem o que \u00e9 preciso<\/li>\n<\/ul>\n\t\t\t\t\t\t\t\t\t\t\t<\/div>\n\t\t\t\t\t\t\t\t\t\t\t\n\t\t\t\t\t\t\t\t\t\t\t\t\t\t\t\t\t\t\t\t\t<div class=\"form d-flex justify-content-center\">\n\t\t\t\t\t\t\t\t\t\t\t\t\t\t\t\t\t\t\t\t\t\t\t\t\t<button class=\"btn\" data-bs-toggle=\"modal\" data-bs-target=\"#catalogueForm\">\n\t\t\t\t\t\t\t\t\t\t\t\t\t\tBaixe o cat\u00e1logo CNC\t\t\t\t\t\t\t\t\t\t\t\t\t<\/button>\n\t\t\t\t\t\t\t\t\t\t\t\t\t\t\t\t\t\t\t\t\t\t\t<\/div>\n\t\t\t\t\t\t\t\t\t\t\t\t\t\t\t\n\t\t\t\t\t\t\t\t\t<\/div>\n\t\t\t\t\t\t\t\t<\/div>\n\t\t\t\t\t\t\t\t<div class=\"col-6 col-md-4 mx-auto col-img img-wrapper\">\n\t\t\t\t\t\t\t\t\t<img decoding=\"async\" src=\"https:\/\/test-temp-cnc.u-digital.nl\/wp-content\/uploads\/2024\/01\/cover-cnc-2024.png\" alt=\"\">\n\t\t\t\t\t\t\t\t<\/div>\n\t\t\t\t\t\t\t<\/div>\n\t\t\t\t\t\t<\/div>\n\t\t\t\t\t\t\n\t\t\t\t\t<\/div>\n\t\t\t\t<\/div>\n\t\t\t\t\n\t\t\t<\/div>\n\t\t<\/div>\n\t<\/section>\n  \t\n  \t\n\t\t\t<div class=\"modal fade cpopup\" id=\"catalogueForm\" tabindex=\"-1\" aria-labelledby=\"catalogueFormLabel\" aria-hidden=\"true\">\n\t\t  <div class=\"modal-dialog modal-dialog-centered\">\n\t\t\t<div class=\"modal-content\">\n\t\t\t  <div class=\"modal-header\">\n\t\t\t\t<button type=\"button\" class=\"btn-close\" data-bs-dismiss=\"modal\" aria-label=\"Close\"><\/button>\n\t\t\t  <\/div>\n\t\t\t  <div class=\"modal-body\">\n\t\t\t\t<div class=\"container\">\n\t\t\t\t  <div class=\"row justify-content-center\">\n\t\t\t\t\t<div class=\"col-12 col-sm-10\">\n\t\t\t\t\t\t<div class=\"form-wrapper\">\n\t\t\t\t\t\t <h2 class=\"form-title\">Solicite o cat\u00e1logo de produtos da CNC<\/h2>\n\t\t\t\t\t\t\t<p style=\"text-align: center;\"><strong>A sua marca profissional de unhas est\u00e1 apenas a tr\u00eas passos de dist\u00e2ncia. <\/strong><br \/>\nFa\u00e7a a sua escolha, torne-a pessoal e fa\u00e7a-a funcionar!<\/p>\n<div class=\"form\"><div class=\"frm_forms  with_frm_style frm_style_formidable-style\" id=\"frm_form_1_container\" >\n<form enctype=\"multipart\/form-data\" method=\"post\" class=\"frm-show-form  frm_js_validate  frm_ajax_submit  frm_pro_form \" id=\"form_contact-form\" >\n<div class=\"frm_form_fields \">\n<fieldset>\n<legend class=\"frm_screen_reader\">Contact Form Pop Up<\/legend>\r\n\r\n<div class=\"frm_fields_container\">\n<input type=\"hidden\" name=\"frm_action\" value=\"create\" \/>\n<input type=\"hidden\" name=\"form_id\" value=\"1\" \/>\n<input type=\"hidden\" name=\"frm_hide_fields_1\" id=\"frm_hide_fields_1\" value=\"\" \/>\n<input type=\"hidden\" name=\"form_key\" value=\"contact-form\" \/>\n<input type=\"hidden\" name=\"item_meta[0]\" value=\"\" \/>\n<input type=\"hidden\" id=\"frm_submit_entry_1\" name=\"frm_submit_entry_1\" value=\"07a7cde0b9\" \/><input type=\"hidden\" name=\"_wp_http_referer\" value=\"\/pt-pt\/wp-json\/wp\/v2\/pages\/1766\" \/><div id=\"frm_field_31_container\" class=\"frm_form_field form-field  frm_required_field frm_top_container frm6  frm12 frm_first frm_other_container\">\r\n    <label for=\"field_cvg4c\" id=\"field_cvg4c_label\" class=\"frm_primary_label\">Empresa\r\n        <span class=\"frm_required\" aria-hidden=\"true\">*<\/span>\r\n    <\/label>\r\n    \t\t<select name=\"item_meta[31]\" id=\"field_cvg4c\"  data-reqmsg=\"Este campo n\u00e3o pode estar vazio.\" aria-required=\"true\" data-invmsg=\"Empresa is invalid\" aria-invalid=\"false\"  >\n\t\t<option  value=\"\" selected='selected'>Selecione a op\u00e7\u00e3o<\/option><option  value=\"International company\">Empresa internacional<\/option><option  value=\"National company, multiple locations\/regions\">Empresa nacional, v\u00e1rios locais\/regi\u00f5es<\/option><option  value=\"National company, 1 location\/region\">Empresa nacional, 1 local\/regi\u00e3o<\/option><option  value=\"Nail technician\">T\u00e9cnica de unhas<\/option><option  value=\"Outros, especifique\" class=\"frm_other_trigger\">Outros, especifique<\/option>\t<\/select>\n\t<label for=\"field_cvg4c-otext\" class=\"frm_screen_reader frm_hidden\">Empresa<\/label><input type=\"text\" id=\"field_cvg4c-otext\" class=\"frm_other_input frm_pos_none\"  name=\"item_meta[other][31]\" value=\"\" \/>\r\n    \r\n    \r\n<\/div>\n<div id=\"frm_field_32_container\" class=\"frm_form_field form-field  frm_required_field frm_top_container frm6 frm12 multidrop\">\r\n    <label for=\"field_mn4i1\" id=\"field_mn4i1_label\" class=\"frm_primary_label\">Por favor, envie-me\r\n        <span class=\"frm_required\" aria-hidden=\"true\">*<\/span>\r\n    <\/label>\r\n    \t\t<select name=\"item_meta[32]\" id=\"field_mn4i1\"  data-reqmsg=\"Este campo n\u00e3o pode estar vazio.\" aria-required=\"true\" data-invmsg=\"Por favor, envie-me is invalid\" aria-invalid=\"false\"  >\n\t\t<option  value=\"\" selected='selected'>Selecione a op\u00e7\u00e3o<\/option><option  value=\"Product catalogue EN \u2013 DE \u2013 FR - RU  + packaging\/ finishing brochure\">Product catalogue EN \u2013 DE \u2013 FR &#8211; RU  + packaging\/ finishing brochure<\/option><option  value=\"Product catalogue EN \u2013 IT \u2013 ES - PT  + packaging\/ finishing brochure\">Product catalogue EN \u2013 IT \u2013 ES &#8211; PT  + packaging\/ finishing brochure<\/option><option  value=\"Other \/ contact me\">Outro \/ contacte-me<\/option>\t<\/select>\n\t\r\n    \r\n    \r\n<\/div>\n<div id=\"frm_field_26_container\" class=\"frm_form_field form-field  frm_top_container\">\r\n    <label for=\"field_cn2qv\" id=\"field_cn2qv_label\" class=\"frm_primary_label\">Nome da empresa\r\n        <span class=\"frm_required\" aria-hidden=\"true\"><\/span>\r\n    <\/label>\r\n    <input  type=\"text\" id=\"field_cn2qv\" name=\"item_meta[26]\" value=\"\"  data-invmsg=\"Text is invalid\" aria-invalid=\"false\"   \/>\r\n    \r\n    \r\n<\/div>\n<div id=\"frm_field_1_container\" class=\"frm_form_field form-field  frm_required_field frm_top_container frm_first frm_half\">\r\n    <label for=\"field_qh4icy\" id=\"field_qh4icy_label\" class=\"frm_primary_label\">Primeiro nome\r\n        <span class=\"frm_required\" aria-hidden=\"true\">*<\/span>\r\n    <\/label>\r\n    <input  type=\"text\" id=\"field_qh4icy\" name=\"item_meta[1]\" value=\"\"  data-reqmsg=\"Primeiro nome cannot be blank.\" aria-required=\"true\" data-invmsg=\"Name is invalid\" aria-invalid=\"false\"   \/>\r\n    \r\n    \r\n<\/div>\n<div id=\"frm_field_2_container\" class=\"frm_form_field form-field  frm_required_field frm_top_container frm_half\">\r\n    <label for=\"field_ocfup1\" id=\"field_ocfup1_label\" class=\"frm_primary_label\">Apelido\r\n        <span class=\"frm_required\" aria-hidden=\"true\">*<\/span>\r\n    <\/label>\r\n    <input  type=\"text\" id=\"field_ocfup1\" name=\"item_meta[2]\" value=\"\"  data-reqmsg=\"Este campo n\u00e3o pode estar vazio.\" aria-required=\"true\" data-invmsg=\"Last is invalid\" aria-invalid=\"false\"   \/>\r\n    \r\n    \r\n<\/div>\n<div id=\"frm_field_27_container\" class=\"frm_form_field form-field  frm_required_field frm_top_container frm6 frm_first frm_half\">\r\n    <label for=\"field_l8er2\" id=\"field_l8er2_label\" class=\"frm_primary_label\">Endere\u00e7o linha\r\n        <span class=\"frm_required\" aria-hidden=\"true\">*<\/span>\r\n    <\/label>\r\n    <input  type=\"text\" id=\"field_l8er2\" name=\"item_meta[27]\" value=\"\"  data-reqmsg=\"Este campo n\u00e3o pode estar vazio.\" aria-required=\"true\" data-invmsg=\"Text is invalid\" aria-invalid=\"false\"   \/>\r\n    \r\n    \r\n<\/div>\n<div id=\"frm_field_28_container\" class=\"frm_form_field form-field  frm_top_container frm6 frm_half\">\r\n    <label for=\"field_x9wvu\" id=\"field_x9wvu_label\" class=\"frm_primary_label\">Endere\u00e7o linha 2\r\n        <span class=\"frm_required\" aria-hidden=\"true\"><\/span>\r\n    <\/label>\r\n    <input  type=\"text\" id=\"field_x9wvu\" name=\"item_meta[28]\" value=\"\"  data-invmsg=\"Text is invalid\" aria-invalid=\"false\"   \/>\r\n    \r\n    \r\n<\/div>\n<div id=\"frm_field_6_container\" class=\"frm_form_field form-field  frm_required_field frm_top_container frm6 frm_first frm_half\">\r\n    <label for=\"field_cuj8g\" id=\"field_cuj8g_label\" class=\"frm_primary_label\">Cidade\r\n        <span class=\"frm_required\" aria-hidden=\"true\">*<\/span>\r\n    <\/label>\r\n    <input  type=\"text\" id=\"field_cuj8g\" name=\"item_meta[6]\" value=\"\"  data-reqmsg=\"Este campo n\u00e3o pode estar vazio.\" aria-required=\"true\" data-invmsg=\"Text is invalid\" aria-invalid=\"false\"   \/>\r\n    \r\n    \r\n<\/div>\n<div id=\"frm_field_8_container\" class=\"frm_form_field form-field  frm_top_container frm6 frm_half\">\r\n    <label for=\"field_k88nw\" id=\"field_k88nw_label\" class=\"frm_primary_label\">Prov\u00ednica\/Estado\/Regi\u00e3o\r\n        <span class=\"frm_required\" aria-hidden=\"true\"><\/span>\r\n    <\/label>\r\n    <input  type=\"text\" id=\"field_k88nw\" name=\"item_meta[8]\" value=\"\"  data-invmsg=\"Text is invalid\" aria-invalid=\"false\"   \/>\r\n    \r\n    \r\n<\/div>\n<div id=\"frm_field_29_container\" class=\"frm_form_field form-field  frm_required_field frm_top_container frm6  frm_first frm_half\">\r\n    <label for=\"field_ww5i5\" id=\"field_ww5i5_label\" class=\"frm_primary_label\">C\u00f3digo Postal\r\n        <span class=\"frm_required\" aria-hidden=\"true\">*<\/span>\r\n    <\/label>\r\n    <input  type=\"text\" id=\"field_ww5i5\" name=\"item_meta[29]\" value=\"\"  data-reqmsg=\"Este campo n\u00e3o pode estar vazio.\" aria-required=\"true\" data-invmsg=\"Text is invalid\" aria-invalid=\"false\"   \/>\r\n    \r\n    \r\n<\/div>\n<div id=\"frm_field_30_container\" class=\"frm_form_field form-field  frm_required_field frm_top_container frm_half\">\r\n    <label for=\"field_u41lg\" id=\"field_u41lg_label\" class=\"frm_primary_label\">Pais\r\n        <span class=\"frm_required\" aria-hidden=\"true\">*<\/span>\r\n    <\/label>\r\n    <input  type=\"text\" id=\"field_u41lg\" name=\"item_meta[30]\" value=\"\"  data-reqmsg=\"Este campo n\u00e3o pode estar vazio.\" aria-required=\"true\" data-invmsg=\"Text is invalid\" aria-invalid=\"false\"   \/>\r\n    \r\n    \r\n<\/div>\n<div id=\"frm_field_4_container\" class=\"frm_form_field form-field  frm_required_field frm_top_container frm_first frm_half\">\r\n    <label for=\"field_e6lis6\" id=\"field_e6lis6_label\" class=\"frm_primary_label\">Telefone\r\n        <span class=\"frm_required\" aria-hidden=\"true\">*<\/span>\r\n    <\/label>\r\n    <input  type=\"text\" id=\"field_e6lis6\" name=\"item_meta[4]\" value=\"\"  data-reqmsg=\"Este campo n\u00e3o pode estar vazio.\" aria-required=\"true\" data-invmsg=\"Subject is invalid\" aria-invalid=\"false\"   \/>\r\n    \r\n    \r\n<\/div>\n<div id=\"frm_field_3_container\" class=\"frm_form_field form-field  frm_required_field frm_top_container frm6 frm_half\">\r\n    <label for=\"field_29yf4d\" id=\"field_29yf4d_label\" class=\"frm_primary_label\">Email\r\n        <span class=\"frm_required\" aria-hidden=\"true\">*<\/span>\r\n    <\/label>\r\n    <input type=\"email\" id=\"field_29yf4d\" name=\"item_meta[3]\" value=\"\"  data-reqmsg=\"Este campo n\u00e3o pode estar vazio.\" aria-required=\"true\" data-invmsg=\"Por favor insira um endere\u00e7o de e-mail v\u00e1lido\" aria-invalid=\"false\"  \/>\r\n    \r\n    \r\n<\/div>\n<div id=\"frm_field_290_container\" class=\"frm_form_field form-field  frm_required_field frm_top_container\">\r\n    <label for=\"field_vu502\" id=\"field_vu502_label\" class=\"frm_primary_label\">Site\/ Social Media\r\n        <span class=\"frm_required\" aria-hidden=\"true\">*<\/span>\r\n    <\/label>\r\n    <input type=\"url\" id=\"field_vu502\" name=\"item_meta[290]\" value=\"\"  data-reqmsg=\"Site\/ Social Media cannot be blank.\" aria-required=\"true\" data-invmsg=\"Website\/URL is invalid\" aria-invalid=\"false\"  \/>\r\n    \r\n    \r\n<\/div>\n<div id=\"frm_field_5_container\" class=\"frm_form_field form-field  frm_required_field frm_top_container frm12 frm_first\">\r\n    <label for=\"field_9jv0r1\" id=\"field_9jv0r1_label\" class=\"frm_primary_label\">Mensagem\r\n        <span class=\"frm_required\" aria-hidden=\"true\">*<\/span>\r\n    <\/label>\r\n    <textarea name=\"item_meta[5]\" id=\"field_9jv0r1\" rows=\"5\"  data-reqmsg=\"Este campo n\u00e3o pode estar vazio.\" aria-required=\"true\" data-invmsg=\"Message is invalid\" aria-invalid=\"false\"  ><\/textarea>\r\n    \r\n    \r\n<\/div>\n<div id=\"frm_field_57_container\" class=\"frm_form_field form-field  frm_none_container\">\r\n    <label for=\"g-recaptcha-response\" id=\"field_mllfv_label\" class=\"frm_primary_label\">Captcha\r\n        <span class=\"frm_required\" aria-hidden=\"true\"><\/span>\r\n    <\/label>\r\n    <div  id=\"field_mllfv\" class=\"frm-g-recaptcha\" data-sitekey=\"6LckNn4eAAAAABkxpJ4zemsTdtsVSWYWwNps5He9\" data-size=\"invisible\" data-theme=\"light\"><\/div>\r\n    \r\n    \r\n<\/div>\n<input type=\"hidden\" name=\"item_meta[105]\" id=\"field_s6841\" value=\"\"     \/>\n<input type=\"hidden\" name=\"item_meta[106]\" id=\"field_nzm3y\" value=\"\"     \/>\n<input type=\"hidden\" name=\"item_meta[107]\" id=\"field_b3om2\" value=\"\"     \/>\n<input type=\"hidden\" name=\"item_meta[108]\" id=\"field_vhp5t\" value=\"\"     \/>\n<input type=\"hidden\" name=\"item_meta[109]\" id=\"field_85op8\" value=\"\"     \/>\n<input type=\"hidden\" name=\"item_meta[110]\" id=\"field_ay6mv\" value=\"\"     \/>\n<input type=\"hidden\" name=\"item_meta[111]\" id=\"field_rw232\" value=\"\/pt-pt\/wp-json\/wp\/v2\/pages\/1766\"  data-frmval=\"\/pt-pt\/wp-json\/wp\/v2\/pages\/1766\"   \/>\n<input type=\"hidden\" name=\"item_meta[112]\" id=\"field_woqxm\" value=\"\"     \/>\n<div id=\"frm_field_319_container\" class=\"frm_form_field form-field \">\r\n\t<div class=\"frm_submit\">\r\n\r\n<button class=\"frm_button_submit frm_final_submit btn px-4\" type=\"submit\"   formnovalidate=\"formnovalidate\">SUBMIT<\/button>\r\n\r\n<\/div>\r\n<\/div>\n\t<input type=\"hidden\" name=\"item_key\" value=\"\" \/>\n\t\t\t\t<div class=\"frm__653ab66b53dab\">\n\t\t\t\t<label for=\"frm_email_1\" >\n\t\t\t\t\tIf you are human, leave this field blank.\t\t\t\t<\/label>\n\t\t\t\t<input  id=\"frm_email_1\" type=\"text\" class=\"frm_verify\" name=\"frm__653ab66b53dab\" value=\"\" autocomplete=\"off\"  \/>\n\t\t\t<\/div>\n\t\t<input name=\"frm_state\" type=\"hidden\" value=\"4N0O6Ff1JXaIezvG2zvbOzlQFHVEUyyI\/xxRakdShTYkEnhYEqTyTWnVarDTn5cPLObTeYG04fZXZkqhA6Oks3uAifgkb7gJQzStxMLd4DMXd0U62dq37U5cI8MKxDIiwYrOriG1V9tTuK\/NNTnZdESwXDMLL4OMWHRF3FQl+UYdIxsDjv+fV8xzUNt0k\/QA\" \/><\/div>\n<\/fieldset>\n<\/div>\n\n<\/form>\n<\/div>\n<\/div>\n\t\t\t\t\t\t<\/div>\n\t\t\t\t\t<\/div>\n\t\t\t\t  <\/div>\n\t\t\t\t<\/div>\n\t\t\t  <\/div>\n\t\t\t<\/div>\n\t\t  <\/div>\n\t\t<\/div>\n\t","protected":false},"excerpt":{"rendered":"","protected":false},"author":7,"featured_media":0,"parent":1742,"menu_order":0,"comment_status":"closed","ping_status":"closed","template":"","meta":{"_acf_changed":false,"inline_featured_image":false,"footnotes":""},"class_list":["post-1766","page","type-page","status-publish","hentry"],"acf":[],"yoast_head":"<!-- This site is optimized with the Yoast SEO plugin v24.8.1 - https:\/\/yoast.com\/wordpress\/plugins\/seo\/ -->\n<title>Produtos Suplementares - CNC International<\/title>\n<meta name=\"robots\" content=\"index, follow, max-snippet:-1, max-image-preview:large, max-video-preview:-1\" \/>\n<link rel=\"canonical\" href=\"https:\/\/test-temp-cnc.u-digital.nl\/pt-pt\/productos\/produtos-suplementares\/\" \/>\n<meta property=\"og:locale\" content=\"pt_PT\" \/>\n<meta property=\"og:type\" content=\"article\" \/>\n<meta property=\"og:title\" content=\"Produtos Suplementares - CNC International\" \/>\n<meta property=\"og:url\" content=\"https:\/\/test-temp-cnc.u-digital.nl\/pt-pt\/productos\/produtos-suplementares\/\" \/>\n<meta property=\"og:site_name\" content=\"CNC International\" \/>\n<meta property=\"article:modified_time\" content=\"2024-01-04T15:49:42+00:00\" \/>\n<meta name=\"twitter:card\" content=\"summary_large_image\" \/>\n<script type=\"application\/ld+json\" class=\"yoast-schema-graph\">{\"@context\":\"https:\/\/schema.org\",\"@graph\":[{\"@type\":\"WebPage\",\"@id\":\"https:\/\/test-temp-cnc.u-digital.nl\/pt-pt\/productos\/produtos-suplementares\/\",\"url\":\"https:\/\/test-temp-cnc.u-digital.nl\/pt-pt\/productos\/produtos-suplementares\/\",\"name\":\"Produtos Suplementares - CNC International\",\"isPartOf\":{\"@id\":\"https:\/\/test-temp-cnc.u-digital.nl\/pt-pt\/#website\"},\"datePublished\":\"2022-02-09T15:21:51+00:00\",\"dateModified\":\"2024-01-04T15:49:42+00:00\",\"breadcrumb\":{\"@id\":\"https:\/\/test-temp-cnc.u-digital.nl\/pt-pt\/productos\/produtos-suplementares\/#breadcrumb\"},\"inLanguage\":\"pt-PT\",\"potentialAction\":[{\"@type\":\"ReadAction\",\"target\":[\"https:\/\/test-temp-cnc.u-digital.nl\/pt-pt\/productos\/produtos-suplementares\/\"]}]},{\"@type\":\"BreadcrumbList\",\"@id\":\"https:\/\/test-temp-cnc.u-digital.nl\/pt-pt\/productos\/produtos-suplementares\/#breadcrumb\",\"itemListElement\":[{\"@type\":\"ListItem\",\"position\":1,\"name\":\"Home\",\"item\":\"https:\/\/test-temp-cnc.u-digital.nl\/pt-pt\/\"},{\"@type\":\"ListItem\",\"position\":2,\"name\":\"Productos\",\"item\":\"https:\/\/test-temp-cnc.u-digital.nl\/pt-pt\/product\/\"},{\"@type\":\"ListItem\",\"position\":3,\"name\":\"Produtos Suplementares\"}]},{\"@type\":\"WebSite\",\"@id\":\"https:\/\/test-temp-cnc.u-digital.nl\/pt-pt\/#website\",\"url\":\"https:\/\/test-temp-cnc.u-digital.nl\/pt-pt\/\",\"name\":\"CNC International\",\"description\":\"Just another WordPress site\",\"potentialAction\":[{\"@type\":\"SearchAction\",\"target\":{\"@type\":\"EntryPoint\",\"urlTemplate\":\"https:\/\/test-temp-cnc.u-digital.nl\/pt-pt\/?s={search_term_string}\"},\"query-input\":{\"@type\":\"PropertyValueSpecification\",\"valueRequired\":true,\"valueName\":\"search_term_string\"}}],\"inLanguage\":\"pt-PT\"}]}<\/script>\n<!-- \/ Yoast SEO plugin. -->","yoast_head_json":{"title":"Produtos Suplementares - CNC International","robots":{"index":"index","follow":"follow","max-snippet":"max-snippet:-1","max-image-preview":"max-image-preview:large","max-video-preview":"max-video-preview:-1"},"canonical":"https:\/\/test-temp-cnc.u-digital.nl\/pt-pt\/productos\/produtos-suplementares\/","og_locale":"pt_PT","og_type":"article","og_title":"Produtos Suplementares - CNC International","og_url":"https:\/\/test-temp-cnc.u-digital.nl\/pt-pt\/productos\/produtos-suplementares\/","og_site_name":"CNC International","article_modified_time":"2024-01-04T15:49:42+00:00","twitter_card":"summary_large_image","schema":{"@context":"https:\/\/schema.org","@graph":[{"@type":"WebPage","@id":"https:\/\/test-temp-cnc.u-digital.nl\/pt-pt\/productos\/produtos-suplementares\/","url":"https:\/\/test-temp-cnc.u-digital.nl\/pt-pt\/productos\/produtos-suplementares\/","name":"Produtos Suplementares - CNC International","isPartOf":{"@id":"https:\/\/test-temp-cnc.u-digital.nl\/pt-pt\/#website"},"datePublished":"2022-02-09T15:21:51+00:00","dateModified":"2024-01-04T15:49:42+00:00","breadcrumb":{"@id":"https:\/\/test-temp-cnc.u-digital.nl\/pt-pt\/productos\/produtos-suplementares\/#breadcrumb"},"inLanguage":"pt-PT","potentialAction":[{"@type":"ReadAction","target":["https:\/\/test-temp-cnc.u-digital.nl\/pt-pt\/productos\/produtos-suplementares\/"]}]},{"@type":"BreadcrumbList","@id":"https:\/\/test-temp-cnc.u-digital.nl\/pt-pt\/productos\/produtos-suplementares\/#breadcrumb","itemListElement":[{"@type":"ListItem","position":1,"name":"Home","item":"https:\/\/test-temp-cnc.u-digital.nl\/pt-pt\/"},{"@type":"ListItem","position":2,"name":"Productos","item":"https:\/\/test-temp-cnc.u-digital.nl\/pt-pt\/product\/"},{"@type":"ListItem","position":3,"name":"Produtos Suplementares"}]},{"@type":"WebSite","@id":"https:\/\/test-temp-cnc.u-digital.nl\/pt-pt\/#website","url":"https:\/\/test-temp-cnc.u-digital.nl\/pt-pt\/","name":"CNC International","description":"Just another WordPress site","potentialAction":[{"@type":"SearchAction","target":{"@type":"EntryPoint","urlTemplate":"https:\/\/test-temp-cnc.u-digital.nl\/pt-pt\/?s={search_term_string}"},"query-input":{"@type":"PropertyValueSpecification","valueRequired":true,"valueName":"search_term_string"}}],"inLanguage":"pt-PT"}]}},"_links":{"self":[{"href":"https:\/\/test-temp-cnc.u-digital.nl\/pt-pt\/wp-json\/wp\/v2\/pages\/1766","targetHints":{"allow":["GET"]}}],"collection":[{"href":"https:\/\/test-temp-cnc.u-digital.nl\/pt-pt\/wp-json\/wp\/v2\/pages"}],"about":[{"href":"https:\/\/test-temp-cnc.u-digital.nl\/pt-pt\/wp-json\/wp\/v2\/types\/page"}],"author":[{"embeddable":true,"href":"https:\/\/test-temp-cnc.u-digital.nl\/pt-pt\/wp-json\/wp\/v2\/users\/7"}],"replies":[{"embeddable":true,"href":"https:\/\/test-temp-cnc.u-digital.nl\/pt-pt\/wp-json\/wp\/v2\/comments?post=1766"}],"version-history":[{"count":15,"href":"https:\/\/test-temp-cnc.u-digital.nl\/pt-pt\/wp-json\/wp\/v2\/pages\/1766\/revisions"}],"predecessor-version":[{"id":8036,"href":"https:\/\/test-temp-cnc.u-digital.nl\/pt-pt\/wp-json\/wp\/v2\/pages\/1766\/revisions\/8036"}],"up":[{"embeddable":true,"href":"https:\/\/test-temp-cnc.u-digital.nl\/pt-pt\/wp-json\/wp\/v2\/pages\/1742"}],"wp:attachment":[{"href":"https:\/\/test-temp-cnc.u-digital.nl\/pt-pt\/wp-json\/wp\/v2\/media?parent=1766"}],"curies":[{"name":"wp","href":"https:\/\/api.w.org\/{rel}","templated":true}]}}